{"id":9,"date":"2015-04-08T07:06:43","date_gmt":"2015-04-08T06:06:43","guid":{"rendered":"http:\/\/www.lesamisdelalecture.fr\/nouveausite\/?page_id=9"},"modified":"2026-02-03T09:01:25","modified_gmt":"2026-02-03T08:01:25","slug":"les-horaires","status":"publish","type":"page","link":"http:\/\/www.lesamisdelalecture.fr\/nouveausite\/les-horaires\/","title":{"rendered":"Informations pratiques"},"content":{"rendered":"<p><strong>Venir nous voir<\/strong><br \/>\nLa biblioth\u00e8que vous accueille\u00a0 au 2 Grande Rue 26340 Saillans<\/p>\n<ul>\n<li style=\"list-style-type: none;\">\n<ul>\n<li>Mercredi 10h-12h30<\/li>\n<li>Jeudi 16h30-18h30<\/li>\n<li>Samedi 10h-12h30<em> (fermeture samedis 23 et 30 d\u00e9cembre)<\/em><\/li>\n<\/ul>\n<\/li>\n<\/ul>\n<p><strong>Adh\u00e9rer<\/strong><br \/>\nAdh\u00e9rer vous co\u00fbtera 12\u20ac pour un an.<br \/>\nGratuite pour les enfants.<\/p>\n<p>Autre adh\u00e9sion gratuite : demandeurs d\u2019emploi, \u00e9tudiants ou moins de 18 ans (sur justificatifs).<\/p>\n<p>Les vacanciers peuvent adh\u00e9rer pendant 2 mois pour 3\u20ac, gratuitement s\u2019ils ont moins de 18 ans, ou sont \u00e9tudiants ou demandeurs d\u2019emploi. Il sera demand\u00e9 une caution de 30\u20ac par personne, qui sera rendue au retour du dernier livre.<\/p>\n<p><strong>Emprunter un livre<\/strong><br \/>\nVous pourrez emprunter 4 livres ou revues pour 3 semaines et un livre audio, avec la possibilit\u00e9 de prolonger votre pr\u00eat de 3 semaines suppl\u00e9mentaires, sauf nouveaut\u00e9s.<\/p>\n<p>Si vous souhaitez un livre que vous ne trouvez pas en rayon, nous pouvons vous le procurer aupr\u00e8s de la m\u00e9diath\u00e8que de Crest si celle-ci le poss\u00e8de.<\/p>\n<p><strong>Vous ne pouvez pas vous d\u00e9placer ?<\/strong><br \/>\nLa biblioth\u00e8que vous rend visite une fois par mois avec une s\u00e9lection d&rsquo;une quarantaine de livres parmi lesquels vous faites votre choix.<\/p>\n<p>Si ce service vous int\u00e9resse, pour vous-m\u00eame ou pour une personne de votre entourage, vous pouvez nous en informer en utilisant le formulaire \u00ab\u00a0Contact\u00a0\u00bb.<\/p>\n<p><a href=\"http:\/\/www.lesamisdelalecture.fr\/nouveausite\/wp-content\/uploads\/2021\/01\/web960-02-modeste-affama.jpg\"><img loading=\"lazy\" decoding=\"async\" src=\"http:\/\/www.lesamisdelalecture.fr\/nouveausite\/wp-content\/uploads\/2021\/01\/web960-02-modeste-affama.jpg\" alt=\"\" class=\"alignnone size-full wp-image-977\" width=\"960\" height=\"640\" srcset=\"http:\/\/www.lesamisdelalecture.fr\/nouveausite\/wp-content\/uploads\/2021\/01\/web960-02-modeste-affama.jpg 960w, http:\/\/www.lesamisdelalecture.fr\/nouveausite\/wp-content\/uploads\/2021\/01\/web960-02-modeste-affama-300x200.jpg 300w, http:\/\/www.lesamisdelalecture.fr\/nouveausite\/wp-content\/uploads\/2021\/01\/web960-02-modeste-affama-768x512.jpg 768w, http:\/\/www.lesamisdelalecture.fr\/nouveausite\/wp-content\/uploads\/2021\/01\/web960-02-modeste-affama-360x240.jpg 360w\" sizes=\"auto, (max-width: 960px) 100vw, 960px\" \/><\/a><\/p>\n<p><a href=\"http:\/\/www.lesamisdelalecture.fr\/nouveausite\/wp-content\/uploads\/2021\/02\/450-rayonnageIMG_1261.jpg\"><\/a><\/p>\n","protected":false},"excerpt":{"rendered":"<p>Venir nous voir La biblioth\u00e8que vous accueille\u00a0 au 2 Grande Rue 26340 Saillans Mercredi 10h-12h30 Jeudi 16h30-18h30 Samedi 10h-12h30 (fermeture samedis 23 et 30 d\u00e9cembre) Adh\u00e9rer Adh\u00e9rer vous co\u00fbtera 12\u20ac pour un an. Gratuite pour les enfants. Autre adh\u00e9sion gratuite : demandeurs d\u2019emploi, \u00e9tudiants ou moins de 18 ans (sur [&hellip;]<\/p>\n","protected":false},"author":1,"featured_media":280,"parent":0,"menu_order":0,"comment_status":"open","ping_status":"open","template":"","meta":{"footnotes":""},"class_list":["post-9","page","type-page","status-publish","has-post-thumbnail","hentry"],"_links":{"self":[{"href":"http:\/\/www.lesamisdelalecture.fr\/nouveausite\/wp-json\/wp\/v2\/pages\/9","targetHints":{"allow":["GET"]}}],"collection":[{"href":"http:\/\/www.lesamisdelalecture.fr\/nouveausite\/wp-json\/wp\/v2\/pages"}],"about":[{"href":"http:\/\/www.lesamisdelalecture.fr\/nouveausite\/wp-json\/wp\/v2\/types\/page"}],"author":[{"embeddable":true,"href":"http:\/\/www.lesamisdelalecture.fr\/nouveausite\/wp-json\/wp\/v2\/users\/1"}],"replies":[{"embeddable":true,"href":"http:\/\/www.lesamisdelalecture.fr\/nouveausite\/wp-json\/wp\/v2\/comments?post=9"}],"version-history":[{"count":0,"href":"http:\/\/www.lesamisdelalecture.fr\/nouveausite\/wp-json\/wp\/v2\/pages\/9\/revisions"}],"wp:featuredmedia":[{"embeddable":true,"href":"http:\/\/www.lesamisdelalecture.fr\/nouveausite\/wp-json\/wp\/v2\/media\/280"}],"wp:attachment":[{"href":"http:\/\/www.lesamisdelalecture.fr\/nouveausite\/wp-json\/wp\/v2\/media?parent=9"}],"curies":[{"name":"wp","href":"https:\/\/api.w.org\/{rel}","templated":true}]}}