{"id":4070,"date":"2021-03-02T08:46:57","date_gmt":"2021-03-02T07:46:57","guid":{"rendered":"http:\/\/www.lesamisdelalecture.fr\/nouveausite\/?page_id=4070"},"modified":"2021-03-02T08:46:57","modified_gmt":"2021-03-02T07:46:57","slug":"actualites","status":"publish","type":"page","link":"http:\/\/www.lesamisdelalecture.fr\/nouveausite\/actualites\/","title":{"rendered":"Actualit\u00e9s"},"content":{"rendered":"\n\n<div class=\"su-posts su-posts-default-loop \">\n\n\t\n\t\t\t\t\t\n\t\t\t\n\t\t\t<div id=\"su-post-20919\" class=\"su-post \">\n\n\t\t\t\t\t\t\t\t\t<a class=\"su-post-thumbnail\" href=\"http:\/\/www.lesamisdelalecture.fr\/nouveausite\/lecture-a-haute-voix-lami-armenien-de-andrei-makine\/\"><img loading=\"lazy\" decoding=\"async\" width=\"850\" height=\"1185\" src=\"http:\/\/www.lesamisdelalecture.fr\/nouveausite\/wp-content\/uploads\/2026\/03\/850makine.jpg\" class=\"attachment-post-thumbnail size-post-thumbnail wp-post-image\" alt=\"\" srcset=\"http:\/\/www.lesamisdelalecture.fr\/nouveausite\/wp-content\/uploads\/2026\/03\/850makine.jpg 850w, http:\/\/www.lesamisdelalecture.fr\/nouveausite\/wp-content\/uploads\/2026\/03\/850makine-215x300.jpg 215w, http:\/\/www.lesamisdelalecture.fr\/nouveausite\/wp-content\/uploads\/2026\/03\/850makine-735x1024.jpg 735w, http:\/\/www.lesamisdelalecture.fr\/nouveausite\/wp-content\/uploads\/2026\/03\/850makine-768x1071.jpg 768w\" sizes=\"auto, (max-width: 850px) 100vw, 850px\" \/><\/a>\n\t\t\t\t\n\t\t\t\t<h2 class=\"su-post-title\"><a href=\"http:\/\/www.lesamisdelalecture.fr\/nouveausite\/lecture-a-haute-voix-lami-armenien-de-andrei-makine\/\">Lecture \u00e0 haute voix, \u00ab\u00a0L&rsquo;ami arm\u00e9nien\u00a0\u00bb de Andr\u00e9\u00ef Makine<\/a><\/h2>\n\n\t\t\t\t<div class=\"su-post-meta\">\n\t\t\t\t\tPubli\u00e9: 4 mars 2026\t\t\t\t<\/div>\n\n\t\t\t\t<div class=\"su-post-excerpt\">\n\t\t\t\t\t<p>Mardi 10 mars, 18h\u00e0 la Biblioth\u00e8queLecture \u00e0 voix haute, en musique et en images. Dur\u00e9e 1h.Sylvie Ballini et Marie-Claire Rabier Sib\u00e9rie, d\u00e9but des ann\u00e9es 1970. Deux adolescents, un jeune arm\u00e9nien, Vardan, et un orphelin russe, se lient d&rsquo;amiti\u00e9. Vardan habite dans le quartier d\u00e9sh\u00e9rit\u00e9 du Bout du diable o\u00f9 vit [&hellip;]<\/p>\n\t\t\t\t<\/div>\n\n\t\t\t\t\n\t\t\t<\/div>\n\n\t\t\t\t\t\n\t\t\t\n\t\t\t<div id=\"su-post-20911\" class=\"su-post \">\n\n\t\t\t\t\t\t\t\t\t<a class=\"su-post-thumbnail\" href=\"http:\/\/www.lesamisdelalecture.fr\/nouveausite\/lire-le-compte-rendu-de-lassemblee-generale\/\"><img loading=\"lazy\" decoding=\"async\" width=\"988\" height=\"483\" src=\"http:\/\/www.lesamisdelalecture.fr\/nouveausite\/wp-content\/uploads\/2026\/02\/photo-ag-biblio.jpg\" class=\"attachment-post-thumbnail size-post-thumbnail wp-post-image\" alt=\"\" srcset=\"http:\/\/www.lesamisdelalecture.fr\/nouveausite\/wp-content\/uploads\/2026\/02\/photo-ag-biblio.jpg 988w, http:\/\/www.lesamisdelalecture.fr\/nouveausite\/wp-content\/uploads\/2026\/02\/photo-ag-biblio-300x147.jpg 300w, http:\/\/www.lesamisdelalecture.fr\/nouveausite\/wp-content\/uploads\/2026\/02\/photo-ag-biblio-768x375.jpg 768w\" sizes=\"auto, (max-width: 988px) 100vw, 988px\" \/><\/a>\n\t\t\t\t\n\t\t\t\t<h2 class=\"su-post-title\"><a href=\"http:\/\/www.lesamisdelalecture.fr\/nouveausite\/lire-le-compte-rendu-de-lassemblee-generale\/\">Lire le compte-rendu de l&rsquo;Assembl\u00e9e G\u00e9n\u00e9rale<\/a><\/h2>\n\n\t\t\t\t<div class=\"su-post-meta\">\n\t\t\t\t\tPubli\u00e9: 2 f\u00e9vrier 2026\t\t\t\t<\/div>\n\n\t\t\t\t<div class=\"su-post-excerpt\">\n\t\t\t\t\t<p>Les membres de l&rsquo;association des Amis de la Lecture \u00e9taient invit\u00e9s \u00e0 l&rsquo;Assembl\u00e9e G\u00e9n\u00e9rale du 23 janvier 2026. Le rapport moral et d&rsquo;activit\u00e9 2025 a \u00e9t\u00e9 lu et approuv\u00e9 ainsi que le rapport financier. Une pr\u00e9sentation des diff\u00e9rents projets 2026 a aussi \u00e9t\u00e9 vot\u00e9e et le conseil d&rsquo;administration s&rsquo;est \u00e9toff\u00e9 [&hellip;]<\/p>\n\t\t\t\t<\/div>\n\n\t\t\t\t\n\t\t\t<\/div>\n\n\t\t\t\t\t\n\t\t\t\n\t\t\t<div id=\"su-post-20907\" class=\"su-post \">\n\n\t\t\t\t\t\t\t\t\t<a class=\"su-post-thumbnail\" href=\"http:\/\/www.lesamisdelalecture.fr\/nouveausite\/exposition-chrystel-fermond-bernard-huftier\/\"><img loading=\"lazy\" decoding=\"async\" width=\"873\" height=\"1089\" src=\"http:\/\/www.lesamisdelalecture.fr\/nouveausite\/wp-content\/uploads\/2026\/02\/850-accroche-Chrystel-Fermond.jpg\" class=\"attachment-post-thumbnail size-post-thumbnail wp-post-image\" alt=\"\" srcset=\"http:\/\/www.lesamisdelalecture.fr\/nouveausite\/wp-content\/uploads\/2026\/02\/850-accroche-Chrystel-Fermond.jpg 873w, http:\/\/www.lesamisdelalecture.fr\/nouveausite\/wp-content\/uploads\/2026\/02\/850-accroche-Chrystel-Fermond-240x300.jpg 240w, http:\/\/www.lesamisdelalecture.fr\/nouveausite\/wp-content\/uploads\/2026\/02\/850-accroche-Chrystel-Fermond-821x1024.jpg 821w, http:\/\/www.lesamisdelalecture.fr\/nouveausite\/wp-content\/uploads\/2026\/02\/850-accroche-Chrystel-Fermond-768x958.jpg 768w\" sizes=\"auto, (max-width: 873px) 100vw, 873px\" \/><\/a>\n\t\t\t\t\n\t\t\t\t<h2 class=\"su-post-title\"><a href=\"http:\/\/www.lesamisdelalecture.fr\/nouveausite\/exposition-chrystel-fermond-bernard-huftier\/\">Exposition Chrystel Fermond\/Bernard Huftier<\/a><\/h2>\n\n\t\t\t\t<div class=\"su-post-meta\">\n\t\t\t\t\tPubli\u00e9: 2 f\u00e9vrier 2026\t\t\t\t<\/div>\n\n\t\t\t\t<div class=\"su-post-excerpt\">\n\t\t\t\t\t<p>La plume et le pinceau du 28 janvier au 18 mars 2026 La biblioth\u00e8que vous invite \u00e0 d\u00e9couvrir les illustrations de Chrystel Fermond, comment\u00e9es par Bernard Huftier dans ses locaux.<\/p>\n\t\t\t\t<\/div>\n\n\t\t\t\t\n\t\t\t<\/div>\n\n\t\t\t\t\t\n\t\t\t\n\t\t\t<div id=\"su-post-20898\" class=\"su-post \">\n\n\t\t\t\t\t\t\t\t\t<a class=\"su-post-thumbnail\" href=\"http:\/\/www.lesamisdelalecture.fr\/nouveausite\/nuit-de-la-lecture-2026\/\"><img loading=\"lazy\" decoding=\"async\" width=\"300\" height=\"168\" src=\"http:\/\/www.lesamisdelalecture.fr\/nouveausite\/wp-content\/uploads\/2026\/01\/accroche-nuitlecture2026.jpg\" class=\"attachment-post-thumbnail size-post-thumbnail wp-post-image\" alt=\"\" \/><\/a>\n\t\t\t\t\n\t\t\t\t<h2 class=\"su-post-title\"><a href=\"http:\/\/www.lesamisdelalecture.fr\/nouveausite\/nuit-de-la-lecture-2026\/\">Nuit de la lecture 2026<\/a><\/h2>\n\n\t\t\t\t<div class=\"su-post-meta\">\n\t\t\t\t\tPubli\u00e9: 16 janvier 2026\t\t\t\t<\/div>\n\n\t\t\t\t<div class=\"su-post-excerpt\">\n\t\t\t\t\t<p>Le samedi 31 janvier 2026, \u00e0 partir de 18h, dans les locaux de la biblioth\u00e8que de Saillans Ambiance de la nuit Biblioth\u00e8que qui luit Lectures, jus de fruits Ecoute toute ou\u00efe. Le th\u00e8me cette ann\u00e9e : Villes et campagnes. Venez simplement \u00e9couter, ou lire des extraits de livres (Il y [&hellip;]<\/p>\n\t\t\t\t<\/div>\n\n\t\t\t\t\n\t\t\t<\/div>\n\n\t\t\t\t\t\n\t\t\t\n\t\t\t<div id=\"su-post-20892\" class=\"su-post \">\n\n\t\t\t\t\t\t\t\t\t<a class=\"su-post-thumbnail\" href=\"http:\/\/www.lesamisdelalecture.fr\/nouveausite\/telethon-2025-devant-la-bibliotheque\/\"><img loading=\"lazy\" decoding=\"async\" width=\"386\" height=\"648\" src=\"http:\/\/www.lesamisdelalecture.fr\/nouveausite\/wp-content\/uploads\/2025\/12\/380web-marcheur-lisant.jpg\" class=\"attachment-post-thumbnail size-post-thumbnail wp-post-image\" alt=\"\" srcset=\"http:\/\/www.lesamisdelalecture.fr\/nouveausite\/wp-content\/uploads\/2025\/12\/380web-marcheur-lisant.jpg 386w, http:\/\/www.lesamisdelalecture.fr\/nouveausite\/wp-content\/uploads\/2025\/12\/380web-marcheur-lisant-179x300.jpg 179w\" sizes=\"auto, (max-width: 386px) 100vw, 386px\" \/><\/a>\n\t\t\t\t\n\t\t\t\t<h2 class=\"su-post-title\"><a href=\"http:\/\/www.lesamisdelalecture.fr\/nouveausite\/telethon-2025-devant-la-bibliotheque\/\">T\u00e9l\u00e9thon 2025 devant la biblioth\u00e8que<\/a><\/h2>\n\n\t\t\t\t<div class=\"su-post-meta\">\n\t\t\t\t\tPubli\u00e9: 2 d\u00e9cembre 2025\t\t\t\t<\/div>\n\n\t\t\t\t<div class=\"su-post-excerpt\">\n\t\t\t\t\t<p>Samedi 6 d\u00e9cembre 2025, \u00e0 partir de 10h Achetez des livres\u2026 vous marcherez plus FUN.<\/p>\n\t\t\t\t<\/div>\n\n\t\t\t\t\n\t\t\t<\/div>\n\n\t\t\t\t\t\n\t\t\t\n\t\t\t<div id=\"su-post-20886\" class=\"su-post \">\n\n\t\t\t\t\t\t\t\t\t<a class=\"su-post-thumbnail\" href=\"http:\/\/www.lesamisdelalecture.fr\/nouveausite\/exposition-marlene-arroyo-du-26-septembre-au-29-novembre-2025\/\"><img loading=\"lazy\" decoding=\"async\" width=\"850\" height=\"665\" src=\"http:\/\/www.lesamisdelalecture.fr\/nouveausite\/wp-content\/uploads\/2025\/09\/850accroche-marlene.jpg\" class=\"attachment-post-thumbnail size-post-thumbnail wp-post-image\" alt=\"\" srcset=\"http:\/\/www.lesamisdelalecture.fr\/nouveausite\/wp-content\/uploads\/2025\/09\/850accroche-marlene.jpg 850w, http:\/\/www.lesamisdelalecture.fr\/nouveausite\/wp-content\/uploads\/2025\/09\/850accroche-marlene-300x235.jpg 300w, http:\/\/www.lesamisdelalecture.fr\/nouveausite\/wp-content\/uploads\/2025\/09\/850accroche-marlene-768x601.jpg 768w\" sizes=\"auto, (max-width: 850px) 100vw, 850px\" \/><\/a>\n\t\t\t\t\n\t\t\t\t<h2 class=\"su-post-title\"><a href=\"http:\/\/www.lesamisdelalecture.fr\/nouveausite\/exposition-marlene-arroyo-du-26-septembre-au-29-novembre-2025\/\">Exposition Marl\u00e8ne Arroyo du 26 septembre au 29 novembre 2025<\/a><\/h2>\n\n\t\t\t\t<div class=\"su-post-meta\">\n\t\t\t\t\tPubli\u00e9: 28 septembre 2025\t\t\t\t<\/div>\n\n\t\t\t\t<div class=\"su-post-excerpt\">\n\t\t\t\t\t<p>Marl\u00e8ne Arroyo expose ses peintures et ses dessins \u00e0 la Biblioth\u00e8que de Saillans.<br \/>\nVernissage samedi 4 octobre \u00e0 11h30<\/p>\n\t\t\t\t<\/div>\n\n\t\t\t\t\n\t\t\t<\/div>\n\n\t\t\t\t\t\n\t\t\t\n\t\t\t<div id=\"su-post-20880\" class=\"su-post \">\n\n\t\t\t\t\t\t\t\t\t<a class=\"su-post-thumbnail\" href=\"http:\/\/www.lesamisdelalecture.fr\/nouveausite\/expo-mireille-vallet-art-et-textile\/\"><img loading=\"lazy\" decoding=\"async\" width=\"1250\" height=\"448\" src=\"http:\/\/www.lesamisdelalecture.fr\/nouveausite\/wp-content\/uploads\/2025\/05\/1250-accroche-expo-mireille-vallet.jpg\" class=\"attachment-post-thumbnail size-post-thumbnail wp-post-image\" alt=\"\" srcset=\"http:\/\/www.lesamisdelalecture.fr\/nouveausite\/wp-content\/uploads\/2025\/05\/1250-accroche-expo-mireille-vallet.jpg 1250w, http:\/\/www.lesamisdelalecture.fr\/nouveausite\/wp-content\/uploads\/2025\/05\/1250-accroche-expo-mireille-vallet-300x108.jpg 300w, http:\/\/www.lesamisdelalecture.fr\/nouveausite\/wp-content\/uploads\/2025\/05\/1250-accroche-expo-mireille-vallet-1024x367.jpg 1024w, http:\/\/www.lesamisdelalecture.fr\/nouveausite\/wp-content\/uploads\/2025\/05\/1250-accroche-expo-mireille-vallet-768x275.jpg 768w\" sizes=\"auto, (max-width: 1250px) 100vw, 1250px\" \/><\/a>\n\t\t\t\t\n\t\t\t\t<h2 class=\"su-post-title\"><a href=\"http:\/\/www.lesamisdelalecture.fr\/nouveausite\/expo-mireille-vallet-art-et-textile\/\">Expo Mireille Vallet, art et textile<\/a><\/h2>\n\n\t\t\t\t<div class=\"su-post-meta\">\n\t\t\t\t\tPubli\u00e9: 5 mai 2025\t\t\t\t<\/div>\n\n\t\t\t\t<div class=\"su-post-excerpt\">\n\t\t\t\t\t<p>Du 7 mai au 5 juillet 2025 La biblioth\u00e8que vous invite \u00e0 venir voir les \u0153uvres de peinture textile de l&rsquo;artiste granoise Mireille Vallet Vernissage \u00e0 la biblioth\u00e8que le samedi 17 mai de 11h30 \u00e0 13h00 Mon go\u00fbt pour la couleur m\u2019a amen\u00e9 \u00e0 la teinture v\u00e9g\u00e9tale et \u00e0 la [&hellip;]<\/p>\n\t\t\t\t<\/div>\n\n\t\t\t\t\n\t\t\t<\/div>\n\n\t\t\t\t\t\n\t\t\t\n\t\t\t<div id=\"su-post-20875\" class=\"su-post \">\n\n\t\t\t\t\t\t\t\t\t<a class=\"su-post-thumbnail\" href=\"http:\/\/www.lesamisdelalecture.fr\/nouveausite\/soiree-printemps-des-poetes\/\"><img loading=\"lazy\" decoding=\"async\" width=\"850\" height=\"610\" src=\"http:\/\/www.lesamisdelalecture.fr\/nouveausite\/wp-content\/uploads\/2025\/03\/850PPoetes2025JDepardon-2.jpg\" class=\"attachment-post-thumbnail size-post-thumbnail wp-post-image\" alt=\"\" srcset=\"http:\/\/www.lesamisdelalecture.fr\/nouveausite\/wp-content\/uploads\/2025\/03\/850PPoetes2025JDepardon-2.jpg 850w, http:\/\/www.lesamisdelalecture.fr\/nouveausite\/wp-content\/uploads\/2025\/03\/850PPoetes2025JDepardon-2-300x215.jpg 300w, http:\/\/www.lesamisdelalecture.fr\/nouveausite\/wp-content\/uploads\/2025\/03\/850PPoetes2025JDepardon-2-768x551.jpg 768w\" sizes=\"auto, (max-width: 850px) 100vw, 850px\" \/><\/a>\n\t\t\t\t\n\t\t\t\t<h2 class=\"su-post-title\"><a href=\"http:\/\/www.lesamisdelalecture.fr\/nouveausite\/soiree-printemps-des-poetes\/\">Soir\u00e9e \u00ab\u00a0Printemps des po\u00e8tes\u00a0\u00bb<\/a><\/h2>\n\n\t\t\t\t<div class=\"su-post-meta\">\n\t\t\t\t\tPubli\u00e9: 18 mars 2025\t\t\t\t<\/div>\n\n\t\t\t\t<div class=\"su-post-excerpt\">\n\t\t\t\t\t<p>Soir\u00e9e \u00e0 la biblioth\u00e8que, vendredi 21 mars \u00e0 partir de 20h00 dans le cadre du Printemps des Po\u00e8tes.<\/p>\n\t\t\t\t<\/div>\n\n\t\t\t\t\n\t\t\t<\/div>\n\n\t\t\t\t\t\n\t\t\t\n\t\t\t<div id=\"su-post-20871\" class=\"su-post \">\n\n\t\t\t\t\t\t\t\t\t<a class=\"su-post-thumbnail\" href=\"http:\/\/www.lesamisdelalecture.fr\/nouveausite\/la-nuit-de-la-lecture-mardi-14-janvier-2025\/\"><img loading=\"lazy\" decoding=\"async\" width=\"850\" height=\"764\" src=\"http:\/\/www.lesamisdelalecture.fr\/nouveausite\/wp-content\/uploads\/2025\/01\/850nuit-de-lecture-affiche-2025.jpg\" class=\"attachment-post-thumbnail size-post-thumbnail wp-post-image\" alt=\"\" srcset=\"http:\/\/www.lesamisdelalecture.fr\/nouveausite\/wp-content\/uploads\/2025\/01\/850nuit-de-lecture-affiche-2025.jpg 850w, http:\/\/www.lesamisdelalecture.fr\/nouveausite\/wp-content\/uploads\/2025\/01\/850nuit-de-lecture-affiche-2025-300x270.jpg 300w, http:\/\/www.lesamisdelalecture.fr\/nouveausite\/wp-content\/uploads\/2025\/01\/850nuit-de-lecture-affiche-2025-768x690.jpg 768w\" sizes=\"auto, (max-width: 850px) 100vw, 850px\" \/><\/a>\n\t\t\t\t\n\t\t\t\t<h2 class=\"su-post-title\"><a href=\"http:\/\/www.lesamisdelalecture.fr\/nouveausite\/la-nuit-de-la-lecture-mardi-14-janvier-2025\/\">La \u00abNuit de la lecture \u00bb, mardi 14 janvier 2025<\/a><\/h2>\n\n\t\t\t\t<div class=\"su-post-meta\">\n\t\t\t\t\tPubli\u00e9: 11 janvier 2025\t\t\t\t<\/div>\n\n\t\t\t\t<div class=\"su-post-excerpt\">\n\t\t\t\t\t<p>Le club de lecture vous invite \u00e0 la biblioth\u00e8que de Saillans pour la \u00abNuit de la lecture \u00bb sur le th\u00e8me : LES PATRIMOINES.On en parle avec le livre \u00ab La carte postale \u00bb d\u2019Anne Berest. Venez avec vos livres coups de coeur. Gratuit et ouvert \u00e0 tous.Ce th\u00e8me renvoie [&hellip;]<\/p>\n\t\t\t\t<\/div>\n\n\t\t\t\t\n\t\t\t<\/div>\n\n\t\t\t\t\t\n\t\t\t\n\t\t\t<div id=\"su-post-20866\" class=\"su-post \">\n\n\t\t\t\t\t\t\t\t\t<a class=\"su-post-thumbnail\" href=\"http:\/\/www.lesamisdelalecture.fr\/nouveausite\/exposition-sebastiao-salgado-du-4-sept-au-2-nov-2024\/\"><img loading=\"lazy\" decoding=\"async\" width=\"796\" height=\"620\" src=\"http:\/\/www.lesamisdelalecture.fr\/nouveausite\/wp-content\/uploads\/2024\/08\/800-photo-salgado.jpg\" class=\"attachment-post-thumbnail size-post-thumbnail wp-post-image\" alt=\"\" srcset=\"http:\/\/www.lesamisdelalecture.fr\/nouveausite\/wp-content\/uploads\/2024\/08\/800-photo-salgado.jpg 796w, http:\/\/www.lesamisdelalecture.fr\/nouveausite\/wp-content\/uploads\/2024\/08\/800-photo-salgado-300x234.jpg 300w, http:\/\/www.lesamisdelalecture.fr\/nouveausite\/wp-content\/uploads\/2024\/08\/800-photo-salgado-768x598.jpg 768w\" sizes=\"auto, (max-width: 796px) 100vw, 796px\" \/><\/a>\n\t\t\t\t\n\t\t\t\t<h2 class=\"su-post-title\"><a href=\"http:\/\/www.lesamisdelalecture.fr\/nouveausite\/exposition-sebastiao-salgado-du-4-sept-au-2-nov-2024\/\">Exposition Sebastiao Salgado du 4 sept. au 2 nov. 2024<\/a><\/h2>\n\n\t\t\t\t<div class=\"su-post-meta\">\n\t\t\t\t\tPubli\u00e9: 29 ao\u00fbt 2024\t\t\t\t<\/div>\n\n\t\t\t\t<div class=\"su-post-excerpt\">\n\t\t\t\t\t<p>Exposition Sebastiao Salgado \u00e0 la biblioth\u00e8que de Saillans du 4 septembre au 2 novembre.<br \/>\nVernissage jeudi 12 septembre \u00e0 partir de 18h.<\/p>\n\t\t\t\t<\/div>\n\n\t\t\t\t\n\t\t\t<\/div>\n\n\t\t\n\t\n<\/div>\n\n","protected":false},"excerpt":{"rendered":"","protected":false},"author":1,"featured_media":0,"parent":0,"menu_order":0,"comment_status":"closed","ping_status":"closed","template":"","meta":{"footnotes":""},"class_list":["post-4070","page","type-page","status-publish","hentry"],"_links":{"self":[{"href":"http:\/\/www.lesamisdelalecture.fr\/nouveausite\/wp-json\/wp\/v2\/pages\/4070","targetHints":{"allow":["GET"]}}],"collection":[{"href":"http:\/\/www.lesamisdelalecture.fr\/nouveausite\/wp-json\/wp\/v2\/pages"}],"about":[{"href":"http:\/\/www.lesamisdelalecture.fr\/nouveausite\/wp-json\/wp\/v2\/types\/page"}],"author":[{"embeddable":true,"href":"http:\/\/www.lesamisdelalecture.fr\/nouveausite\/wp-json\/wp\/v2\/users\/1"}],"replies":[{"embeddable":true,"href":"http:\/\/www.lesamisdelalecture.fr\/nouveausite\/wp-json\/wp\/v2\/comments?post=4070"}],"version-history":[{"count":0,"href":"http:\/\/www.lesamisdelalecture.fr\/nouveausite\/wp-json\/wp\/v2\/pages\/4070\/revisions"}],"wp:attachment":[{"href":"http:\/\/www.lesamisdelalecture.fr\/nouveausite\/wp-json\/wp\/v2\/media?parent=4070"}],"curies":[{"name":"wp","href":"https:\/\/api.w.org\/{rel}","templated":true}]}}