{"id":228,"date":"2015-05-10T06:36:41","date_gmt":"2015-05-10T05:36:41","guid":{"rendered":"http:\/\/www.lesamisdelalecture.fr\/nouveausite\/?page_id=228"},"modified":"2021-02-01T20:47:33","modified_gmt":"2021-02-01T19:47:33","slug":"liens-utiles","status":"publish","type":"page","link":"http:\/\/www.lesamisdelalecture.fr\/nouveausite\/liens-utiles\/","title":{"rendered":"Liens utiles"},"content":{"rendered":"<div class=\"su-table su-table-responsive\">\n<table>\n<tbody>\n<tr>\n<td><a href=\"\/\/mediatheque.ladrome.fr\/crest\/mediatheque-departementale.aspx\"><img loading=\"lazy\" decoding=\"async\" src=\"http:\/\/www.lesamisdelalecture.fr\/nouveausite\/wp-content\/uploads\/2021\/01\/350CaptureMediatheque.png\" alt=\"\" class=\"alignnone size-full wp-image-1304\" width=\"350\" height=\"91\" srcset=\"http:\/\/www.lesamisdelalecture.fr\/nouveausite\/wp-content\/uploads\/2021\/01\/350CaptureMediatheque.png 350w, http:\/\/www.lesamisdelalecture.fr\/nouveausite\/wp-content\/uploads\/2021\/01\/350CaptureMediatheque-300x78.png 300w\" sizes=\"auto, (max-width: 350px) 100vw, 350px\" \/><\/a><\/td>\n<td><a href=\"http:\/\/mediatheque.ladrome.fr\/crest\/mediatheque-departementale.aspx\" target=\"_blank\" rel=\"noopener\">M\u00e9diath\u00e8que de Crest<\/a><\/td>\n<\/tr>\n<tr>\n<td><a href=\"http:\/\/www.mairiedesaillans26.fr\/\"><img loading=\"lazy\" decoding=\"async\" src=\"http:\/\/www.lesamisdelalecture.fr\/nouveausite\/wp-content\/uploads\/2021\/01\/250-Logo-saillans.jpg\" alt=\"\" class=\"alignnone size-full wp-image-1302\" width=\"250\" height=\"204\" \/><\/a><\/td>\n<td><a href=\"http:\/\/www.mairiedesaillans26.fr\/\" target=\"_blank\" rel=\"noopener\">La mairie de Saillans<\/a><\/td>\n<\/tr>\n<tr>\n<td><a href=\"https:\/\/www.le-forum.info\/\"><img loading=\"lazy\" decoding=\"async\" src=\"http:\/\/www.lesamisdelalecture.fr\/nouveausite\/wp-content\/uploads\/2021\/01\/350logo_forum.jpg\" alt=\"\" class=\"alignnone size-full wp-image-1305\" width=\"350\" height=\"88\" srcset=\"http:\/\/www.lesamisdelalecture.fr\/nouveausite\/wp-content\/uploads\/2021\/01\/350logo_forum.jpg 350w, http:\/\/www.lesamisdelalecture.fr\/nouveausite\/wp-content\/uploads\/2021\/01\/350logo_forum-300x75.jpg 300w\" sizes=\"auto, (max-width: 350px) 100vw, 350px\" \/><\/a><\/td>\n<td><a href=\"https:\/\/www.le-forum.info\/\" target=\"_blank\" rel=\"noopener\">Le Forum, espace num\u00e9rique et social et espace France Services <\/a><\/td>\n<\/tr>\n<tr>\n<td><a href=\"http:\/\/www.anguillesousroche.fr\/\"><img loading=\"lazy\" decoding=\"async\" src=\"http:\/\/www.lesamisdelalecture.fr\/nouveausite\/wp-content\/uploads\/2021\/01\/250anguille.jpg\" alt=\"\" class=\"alignnone size-full wp-image-1300\" width=\"200\" height=\"200\" srcset=\"http:\/\/www.lesamisdelalecture.fr\/nouveausite\/wp-content\/uploads\/2021\/01\/250anguille.jpg 250w, http:\/\/www.lesamisdelalecture.fr\/nouveausite\/wp-content\/uploads\/2021\/01\/250anguille-150x150.jpg 150w\" sizes=\"auto, (max-width: 200px) 100vw, 200px\" \/><\/a><\/td>\n<td><a href=\"http:\/\/www.anguillesousroche.fr\/\" target=\"_blank\" rel=\"noopener\">Festival du Polar Saillans &#8211; Anguille sous Roche<\/a><\/td>\n<\/tr>\n<tr>\n<td><a href=\"https:\/\/faubourg26.com\/\"><img decoding=\"async\" src=\"http:\/\/www.lesamisdelalecture.fr\/nouveausite\/wp-content\/uploads\/2021\/01\/250faubourg26.jpg\" alt=\"\" class=\"alignnone size-full wp-image-1301\" width=\"200\" \/><\/a><\/td>\n<td><a href=\"https:\/\/faubourg26.com\/\" target=\"_blank\" rel=\"noopener\">Faubourg du Temple &#8211; th\u00e9\u00e2tre \u00e0 Saillans<\/a><\/td>\n<\/tr>\n<tr>\n<td><a href=\"http:\/\/www.lelouis11.com\/\"><img loading=\"lazy\" decoding=\"async\" src=\"http:\/\/www.lesamisdelalecture.fr\/nouveausite\/wp-content\/uploads\/2021\/01\/350banniereLouisXI.jpg\" alt=\"\" class=\"alignnone size-full wp-image-1303\" width=\"350\" height=\"74\" srcset=\"http:\/\/www.lesamisdelalecture.fr\/nouveausite\/wp-content\/uploads\/2021\/01\/350banniereLouisXI.jpg 350w, http:\/\/www.lesamisdelalecture.fr\/nouveausite\/wp-content\/uploads\/2021\/01\/350banniereLouisXI-300x63.jpg 300w\" sizes=\"auto, (max-width: 350px) 100vw, 350px\" \/><\/a><\/td>\n<td><a href=\"http:\/\/www.lelouis11.com\/\" target=\"_blank\" rel=\"noopener\">Le Louis XI &#8211; salle de spectacle<\/a><\/td>\n<\/tr>\n<\/tbody>\n<\/table>\n<\/div>\n","protected":false},"excerpt":{"rendered":"","protected":false},"author":1,"featured_media":0,"parent":0,"menu_order":0,"comment_status":"closed","ping_status":"open","template":"","meta":{"footnotes":""},"class_list":["post-228","page","type-page","status-publish","hentry"],"_links":{"self":[{"href":"http:\/\/www.lesamisdelalecture.fr\/nouveausite\/wp-json\/wp\/v2\/pages\/228","targetHints":{"allow":["GET"]}}],"collection":[{"href":"http:\/\/www.lesamisdelalecture.fr\/nouveausite\/wp-json\/wp\/v2\/pages"}],"about":[{"href":"http:\/\/www.lesamisdelalecture.fr\/nouveausite\/wp-json\/wp\/v2\/types\/page"}],"author":[{"embeddable":true,"href":"http:\/\/www.lesamisdelalecture.fr\/nouveausite\/wp-json\/wp\/v2\/users\/1"}],"replies":[{"embeddable":true,"href":"http:\/\/www.lesamisdelalecture.fr\/nouveausite\/wp-json\/wp\/v2\/comments?post=228"}],"version-history":[{"count":0,"href":"http:\/\/www.lesamisdelalecture.fr\/nouveausite\/wp-json\/wp\/v2\/pages\/228\/revisions"}],"wp:attachment":[{"href":"http:\/\/www.lesamisdelalecture.fr\/nouveausite\/wp-json\/wp\/v2\/media?parent=228"}],"curies":[{"name":"wp","href":"https:\/\/api.w.org\/{rel}","templated":true}]}}