{"id":1006,"date":"2021-01-30T08:19:41","date_gmt":"2021-01-30T07:19:41","guid":{"rendered":"http:\/\/www.lesamisdelalecture.fr\/nouveausite\/?page_id=1006"},"modified":"2021-02-01T20:51:15","modified_gmt":"2021-02-01T19:51:15","slug":"mentions-legales","status":"publish","type":"page","link":"http:\/\/www.lesamisdelalecture.fr\/nouveausite\/mentions-legales\/","title":{"rendered":"Mentions l\u00e9gales"},"content":{"rendered":"<p><a href=\"http:\/\/www.lesamisdelalecture.fr\/nouveausite\/wp-content\/uploads\/2015\/04\/Actualit\u00e9.png\"><img loading=\"lazy\" decoding=\"async\" src=\"http:\/\/www.lesamisdelalecture.fr\/nouveausite\/wp-content\/uploads\/2015\/04\/Actualit\u00e9.png\" alt=\"\" class=\"alignnone size-full wp-image-337\" width=\"199\" height=\"199\" srcset=\"http:\/\/www.lesamisdelalecture.fr\/nouveausite\/wp-content\/uploads\/2015\/04\/Actualit\u00e9.png 199w, http:\/\/www.lesamisdelalecture.fr\/nouveausite\/wp-content\/uploads\/2015\/04\/Actualit\u00e9-150x150.png 150w\" sizes=\"auto, (max-width: 199px) 100vw, 199px\" \/><\/a><\/p>\n<p>Responsable du site<\/p>\n<p><strong><b>Association les amis de la lecture<\/b><\/strong><br \/>\n2 Grande Rue<br \/>\n26340 Saillans<br \/>\nFrance<\/p>\n<p>Ci-apr\u00e8s d\u00e9sign\u00e9 par \u00ab la Structure \u00bb.<\/p>\n<blockquote><p><a href=\"\/nouveausite\/images\/pdf\/Statuts_bibliotheque_LesAmisdelaLecture.pdf\" target=\"_blank\" rel=\"noopener\">T\u00e9l\u00e9chargez les statuts<\/a><\/p>\n<p><a href=\"\/nouveausite\/images\/Certificat_SIRENE_biblio.jpg\" target=\"_blank\" rel=\"noopener\">T\u00e9l\u00e9chargez le certificat SIRENE<\/a><\/p><\/blockquote>\n<p>La biblioth\u00e8que est soutenue financi\u00e8rement par la mairie de Saillans (subventions, achats de libres, abonnement catalogue en ligne) et occupe des locaux communaux mis \u00e0 disposition gracieusement.<\/p>\n<p>Mairie de Saillans<br \/>\n1 Place Maurice Faure 26340 Saillans<br \/>\ntel : 0475215152 \/ <a href=\"mailto:accueil@mairiedesaillans26.fr\" target=\"_blank\" rel=\"noopener\">accueil@mairiedesaillans26.fr<\/a><\/p>\n<p>Autres soutiens : <a href=\"http:\/\/www.lesamisdelalecture.fr\/nouveausite\/fonctionnement\/\">lire la page Fonctionnement<\/a><\/p>\n<p>R\u00e9alisation et maintenance (\u00e0 partir du CMS open source WordPress)<br \/>\n<strong><b>Fernand Karagiannis<\/b><\/strong><\/p>\n<p>H\u00e9bergement<\/p>\n<p><strong>OVH<\/strong><br \/>\nSAS au capital de 10 069 020 \u20ac<br \/>\nRCS Lille M\u00e9tropole 424 761 419 00045<br \/>\nCode APE : 2620Z<br \/>\nN\u00b0 TVA : FR 22 424 761 419<br \/>\nSi\u00e8ge social : 2 rue Kellermann &#8211; 59100 Roubaix \u2013 France<\/p>\n<p>Le Site Internet<\/p>\n<p>Le Site Internet (ci-apr\u00e8s d\u00e9sign\u00e9 \u00ab le Site \u00bb) dans son ensemble, ainsi que les \u00e9l\u00e9ments qui le composent (notamment mais sans limitation charte graphique, infographies, ic\u00f4nes, logiciels mis en \u0153uvre pour le fonctionnement du Site, animations, bases de donn\u00e9es, plateformes techniques, etc.) sont la propri\u00e9t\u00e9 exclusive de la structure, seule habilit\u00e9e \u00e0 utiliser les droits de propri\u00e9t\u00e9 intellectuelle et droits de la personnalit\u00e9 y aff\u00e9rents, notamment marques, mod\u00e8les, droits d&rsquo;auteur et droit \u00e0 l&rsquo;image, \u00e0 titre originaire ou par l&rsquo;effet d&rsquo;une licence ou d&rsquo;une autorisation expresse.<\/p>\n<p>En outre, les textes, images, photographies, documents, ainsi que toutes \u0153uvres int\u00e9gr\u00e9es dans le Site sont la propri\u00e9t\u00e9 de la Structure ou de tiers ayant autoris\u00e9 la Structure \u00e0 les utiliser.<\/p>\n<p>L\u2019ensemble de ces \u00e9l\u00e9ments constituent des \u0153uvres de l&rsquo;esprit prot\u00e9g\u00e9es par les articles L.111-1 et suivants du Code de la propri\u00e9t\u00e9 intellectuelle.<\/p>\n<p>L&rsquo;usage de tout ou partie du Site, notamment par extraction, t\u00e9l\u00e9chargement, reproduction, transmission, \u00ab reverse engineering \u00bb, d\u00e9compilation, d\u00e9sassemblage, repr\u00e9sentation ou diffusion \u00e0 d&rsquo;autres fins que pour l&rsquo;usage personnel et priv\u00e9 dans un but non commercial de l&rsquo;internaute est strictement interdit. La violation de ces dispositions soumet son auteur aux sanctions pr\u00e9vues tant par le Code de la propri\u00e9t\u00e9 intellectuelle au titre notamment de la contrefa\u00e7on de droits d&rsquo;auteur (articles L.335-3 et suivants), de droit des marques (articles L.716-9 et suivants) que par le Code civil en mati\u00e8re de responsabilit\u00e9 civile (article 9, articles 1382 et suivants).<\/p>\n<p>Utilisation de cookies<\/p>\n<p>Un cookie est un petit fichier texte au format alphanum\u00e9rique d\u00e9pos\u00e9 sur le disque dur de l\u2019internaute par le serveur du site visit\u00e9 ou par un serveur tiers (service de web analytique, etc.). Gr\u00e2ce aux cookies, le Site peut rendre la navigation plus simple et apporter des services compl\u00e9mentaires.<\/p>\n<p>Le Site utilise des cookies aux fins suivantes :<\/p>\n<p>&#8211; Statistiques de fr\u00e9quentation du site (nombre de visiteurs, pages les plus vues&#8230;),<br \/>\n&#8211; D\u00e9sactivation de la fen\u00eatre surgissante d&rsquo;alertes en page d&rsquo;accueil du site,<br \/>\n&#8211; Validation de l\u2019utilisation des cookies.<\/p>\n<p>La Structure n&rsquo;utilise en aucun cas les donn\u00e9es r\u00e9cup\u00e9r\u00e9es par les cookies pour les r\u00e9utiliser \u00e0 des fins commerciales ou de revente d&rsquo;informations priv\u00e9es.<\/p>\n<p>Vous pouvez choisir de d\u00e9sactiver les cookies dans votre navigateur en vous basant sur les documentations ci-dessous (\u00e0 s\u00e9lectionner selon votre navigateur web) :<\/p>\n<p>&#8211; Mozilla Firefox (<a href=\"https:\/\/support.mozilla.org\/fr\/kb\/activer-desactiver-cookies-preferences?redirectlocale=fr&amp;redirectslug=activer-desactiver-cookies\" target=\"blank\" rel=\"noopener\">https:\/\/support.mozilla.org\/fr\/kb\/activer-desactiver-cookies-preferences?redirectlocale=fr&amp;redirectslug=activer-desactiver-cookies<\/a>)<br \/>\n&#8211; Google Chrome (<a href=\"https:\/\/support.google.com\/chrome\/answer\/95647?hl=fr\" target=\"blank\" rel=\"noopener\">https:\/\/support.google.com\/chrome\/answer\/95647?hl=fr<\/a>)<br \/>\n&#8211; Microsoft Edge (<a href=\"https:\/\/privacy.microsoft.com\/fr-fr\/windows-10-microsoft-edge-and-privacy\" target=\"blank\" rel=\"noopener\">https:\/\/privacy.microsoft.com\/fr-fr\/windows-10-microsoft-edge-and-privacy<\/a>)<br \/>\n&#8211; Internet Explorer (<a href=\"https:\/\/support.microsoft.com\/fr-fr\/help\/17442\/windows-internet-explorer-delete-manage-cookies#ie=ie-11\" target=\"blank\" rel=\"noopener\">https:\/\/support.microsoft.com\/fr-fr\/help\/17442\/windows-internet-explorer-delete-manage-cookies#ie=ie-11<\/a>)<br \/>\n&#8211; Opera (<a href=\"http:\/\/help.opera.com\/Windows\/10.20\/fr\/cookies.html\" target=\"blank\" rel=\"noopener\">http:\/\/help.opera.com\/Windows\/10.20\/fr\/cookies.html<\/a>)<br \/>\n&#8211; Safari (<a href=\"https:\/\/support.apple.com\/kb\/ph21411?locale=fr_CA\" target=\"blank\" rel=\"noopener\">https:\/\/support.apple.com\/kb\/ph21411?locale=fr_CA<\/a>)<\/p>\n<p>Attention : la d\u00e9sactivation des cookies risque de vous emp\u00eacher d\u2019utiliser certaines fonctionnalit\u00e9s du site<\/p>\n<p><strong><u>Liens hypertextes<\/u><\/strong><\/p>\n<p>Tous les sites ayant un lien hypertexte dirigeant vers le Site ou l&rsquo;un quelconque des \u00e9l\u00e9ments qui le composent ne sont pas sous le contr\u00f4le de la Structure, qui d\u00e9clinent par cons\u00e9quent toute responsabilit\u00e9 (notamment \u00e9ditoriale) concernant l&rsquo;acc\u00e8s et le contenu de ces sites.<\/p>\n<p>L\u2019Internaute s\u2019engage \u00e0 respecter pleinement l\u2019int\u00e9gralit\u00e9 des droits de la Structure. A ce titre, il reconna\u00eet qu&rsquo;il n&rsquo;est cessionnaire d&rsquo;aucun autre droit que celui d&rsquo;utiliser les moyens notamment techniques mis \u00e0 sa disposition par le Site.<\/p>\n<p><strong><u>Contenus<\/u><\/strong><\/p>\n<p>Les services de la Structure en charge des mises \u00e0 jour et de l\u2019animation du Site mettent tout en \u0153uvre pour vous offrir des informations claires, d\u00e9taill\u00e9es et fiables. Cependant, si malgr\u00e9 toute l\u2019attention port\u00e9e \u00e0 la gestion de ces contenus, vous deviez constater des inexactitudes, des manques d\u2019informations ou des erreurs, nous vous invitons \u00e0 en informer la Structure, par courrier \u00e9lectronique par le biais du formulaire de contact de ce Site.<\/p>\n<p><strong><u>Donn\u00e9es personnelles<\/u><\/strong><\/p>\n<p>Conform\u00e9ment au R\u00e8glement G\u00e9n\u00e9ral sur la Protection des Donn\u00e9es, dit \u00ab RGPD \u00bb, pour toute information ou exercice de vos droits Informatique et Libert\u00e9s (dont les droits d\u2019acc\u00e8s, de rectification ou de suppression) sur les traitements de vos donn\u00e9es personnelles par la Structure, vous pouvez contacter la Structure par le biais du formulaire de contact de ce Site ou par courrier envoy\u00e9 \u00e0 l\u2019adresse postale de la Structure indiqu\u00e9e sur la page de ce formulaire.<\/p>\n<p>La Structure est seule responsable de la collecte et du traitement de ces donn\u00e9es personnelles transmises par le biais du Site.<\/p>\n<p>L\u2019\u00e9diteur et l\u2019h\u00e9bergeur du Site sont susceptibles d\u2019avoir acc\u00e8s \u00e0 ces donn\u00e9es personnelles dans le cadre de leurs prestations de services pour le Site de la Structure. En tant que sous-traitants pour l\u2019h\u00e9bergement de ces donn\u00e9es personnelles stock\u00e9es pour le compte de la Structure, ils s\u2019engagent \u00e0 respecter les r\u00e8gles en vigueur en mati\u00e8re de protection et de confidentialit\u00e9 des donn\u00e9es personnelles.<\/p>\n<p>L\u2019\u00e9diteur s\u2019engage \u00e0 ne faire aucun usage de ces donn\u00e9es personnelles collect\u00e9es pour la Structure par le biais de ce Site, qu\u2019il h\u00e9berge.<\/p>\n<p>Les donn\u00e9es personnelles suivantes sont susceptibles d\u2019\u00eatre collect\u00e9es et trait\u00e9es par le biais de ce Site :<\/p>\n<p>&#8211; <em>Statistiques de navigation <\/em><br \/>\nSeules des statistiques g\u00e9n\u00e9rales de trafic sont collect\u00e9es lors de votre navigation sur le site\u00a0: nombre de visiteurs, nombre de visites, pays d\u2019origine des visites, type de navigateur utilis\u00e9, entre autres. Ces donn\u00e9es sont collect\u00e9es uniquement pour permettre \u00e0 la Structure d\u2019analyser la fr\u00e9quentation de ses pages d&rsquo;information, afin notamment d&rsquo;en am\u00e9liorer le contenu. Les donn\u00e9es relatives \u00e0 la navigation ne sont pas exploit\u00e9es nominativement.<\/p>\n<p><em>&#8211; Coordonn\u00e9es et messages envoy\u00e9s par le biais de formulaires h\u00e9berg\u00e9s par le Site<\/em><br \/>\nLors de l\u2019envoi d\u2019un message par le biais d\u2019un formulaire, vous acceptez volontairement d\u2019indiquer les donn\u00e9es personnelles \u00e9ventuellement demand\u00e9es par la Structure pour traiter votre demande. Les informations ainsi recueillies ne servent qu\u2019\u00e0 traiter votre demande. Ces informations collect\u00e9es ne feront l\u2019objet d\u2019aucune cession \u00e0 des tiers ni d\u2019aucun autre traitement de la part de la Structure.<\/p>\n<p><em>&#8211; Inscription \u00e0 la Newsletter<\/em><br \/>\nPour recevoir les lettres d\u2019informations \u00e9lectroniques de la Structure (ou \u00ab newsletters \u00bb), vous acceptez volontairement d\u2019indiquer votre adresse email. Si vous souhaitez ne plus recevoir de messages de la part de la Structure apr\u00e8s inscription, vous pouvez vous d\u00e9sinscrire en cliquant sur le lien en bas du prochain message que vous recevrez par voie \u00e9lectronique. Les adresses e-mail ainsi recueillies ne servent qu\u2019\u00e0 transmettre les \u00e9l\u00e9ments d\u2019information propos\u00e9s. Ces adresses \u00e9lectroniques collect\u00e9es ne feront l\u2019objet d\u2019aucune cession \u00e0 des tiers ni d\u2019aucun autre traitement de la part de la Structure.<\/p>\n<p><em>&#8211; Espace Mon Compte <\/em><em><i>NOVALYS<\/i><\/em><br \/>\nL\u2019Espace Mon Compte NOVALYS, qui peut \u00eatre utilis\u00e9 pour la contribution sur le Site selon les fonctionnalit\u00e9s activ\u00e9es par la Structure, fait l\u2019objet de Conditions G\u00e9n\u00e9rales d\u2019Utilisation d\u00e9di\u00e9es, propos\u00e9es avant toute inscription.<\/p>\n","protected":false},"excerpt":{"rendered":"<p>Responsable du site Association les amis de la lecture 2 Grande Rue 26340 Saillans France Ci-apr\u00e8s d\u00e9sign\u00e9 par \u00ab la Structure \u00bb. T\u00e9l\u00e9chargez les statuts T\u00e9l\u00e9chargez le certificat SIRENE La biblioth\u00e8que est soutenue financi\u00e8rement par la mairie de Saillans (subventions, achats de libres, abonnement catalogue en ligne) et occupe des [&hellip;]<\/p>\n","protected":false},"author":1,"featured_media":0,"parent":0,"menu_order":0,"comment_status":"closed","ping_status":"closed","template":"","meta":{"footnotes":""},"class_list":["post-1006","page","type-page","status-publish","hentry"],"_links":{"self":[{"href":"http:\/\/www.lesamisdelalecture.fr\/nouveausite\/wp-json\/wp\/v2\/pages\/1006","targetHints":{"allow":["GET"]}}],"collection":[{"href":"http:\/\/www.lesamisdelalecture.fr\/nouveausite\/wp-json\/wp\/v2\/pages"}],"about":[{"href":"http:\/\/www.lesamisdelalecture.fr\/nouveausite\/wp-json\/wp\/v2\/types\/page"}],"author":[{"embeddable":true,"href":"http:\/\/www.lesamisdelalecture.fr\/nouveausite\/wp-json\/wp\/v2\/users\/1"}],"replies":[{"embeddable":true,"href":"http:\/\/www.lesamisdelalecture.fr\/nouveausite\/wp-json\/wp\/v2\/comments?post=1006"}],"version-history":[{"count":0,"href":"http:\/\/www.lesamisdelalecture.fr\/nouveausite\/wp-json\/wp\/v2\/pages\/1006\/revisions"}],"wp:attachment":[{"href":"http:\/\/www.lesamisdelalecture.fr\/nouveausite\/wp-json\/wp\/v2\/media?parent=1006"}],"curies":[{"name":"wp","href":"https:\/\/api.w.org\/{rel}","templated":true}]}}